{"id":12,"date":"2023-06-18T16:37:11","date_gmt":"2023-06-18T14:37:11","guid":{"rendered":"http:\/\/weba.home.pl\/autoinstalator\/wordpressplugins1\/?page_id=12"},"modified":"2023-06-18T21:31:16","modified_gmt":"2023-06-18T19:31:16","slug":"oferta","status":"publish","type":"page","link":"https:\/\/www.jowident.pl\/","title":{"rendered":"Oferta"},"content":{"rendered":"<table>\r\n<tr>\r\n<td>\r\n<p><strong>Profilaktyka<\/strong><\/p>\r\n\r\n\r\n\r\n<ul class=\"wp-block-list\">\r\n<li>lakowanie<\/li>\r\n\r\n\r\n\r\n<li>lakierowanie<\/li>\r\n\r\n\r\n\r\n<li>skaling<\/li>\r\n<li>piaskowanie<\/li>\r\n<\/ul>\r\n\r\n\r\n\r\n<p><strong>Leczenie<\/strong><\/p>\r\n\r\n\r\n\r\n<ul class=\"wp-block-list\">\r\n<li>leczenie pr\u00f3chnicy w z\u0119bach mlecznych i sta\u0142ych<\/li>\r\n\r\n\r\n\r\n<li>leczenie endodontyczne<\/li>\r\n<li>rekonstrukcje z\u0119b\u00f3w<\/li>\r\n<li>licowania kompozytowe<\/li>\r\n<\/ul><\/td><td>\r\n<p><strong>Chirurgia stomatologiczna<\/strong><\/p>\r\n<ul>\r\n<li>ekstrakcje z\u0119b\u00f3w mlecznych i sta\u0142ych<\/li>\r\n<\/ul>\r\n<p><strong>Radiologia<\/strong><\/p>\r\n<ul>\r\n<li>RTG z\u0119bowe<\/li>\r\n<\/ul>\r\n\r\n\r\n\r\n<p><strong>Protetyka<\/strong><\/p>\r\n\r\n\r\n\r\n<ul class=\"wp-block-list\">\r\n<li>protezy ca\u0142kowite i cz\u0119\u015bciowe<\/li>\r\n\r\n\r\n\r\n<li>mosty i korony<\/li>\r\n<\/ul>\r\n\r\n&nbsp;\r\n<\/td><\/tr><\/table>","protected":false},"excerpt":{"rendered":"<p>Profilaktyka Leczenie Protetyka &nbsp;<\/p>\n","protected":false},"author":1,"featured_media":0,"parent":0,"menu_order":0,"comment_status":"closed","ping_status":"closed","template":"","meta":{"footnotes":""},"class_list":["post-12","page","type-page","status-publish","hentry"],"_links":{"self":[{"href":"https:\/\/www.jowident.pl\/index.php\/wp-json\/wp\/v2\/pages\/12","targetHints":{"allow":["GET"]}}],"collection":[{"href":"https:\/\/www.jowident.pl\/index.php\/wp-json\/wp\/v2\/pages"}],"about":[{"href":"https:\/\/www.jowident.pl\/index.php\/wp-json\/wp\/v2\/types\/page"}],"author":[{"embeddable":true,"href":"https:\/\/www.jowident.pl\/index.php\/wp-json\/wp\/v2\/users\/1"}],"replies":[{"embeddable":true,"href":"https:\/\/www.jowident.pl\/index.php\/wp-json\/wp\/v2\/comments?post=12"}],"version-history":[{"count":5,"href":"https:\/\/www.jowident.pl\/index.php\/wp-json\/wp\/v2\/pages\/12\/revisions"}],"predecessor-version":[{"id":145,"href":"https:\/\/www.jowident.pl\/index.php\/wp-json\/wp\/v2\/pages\/12\/revisions\/145"}],"wp:attachment":[{"href":"https:\/\/www.jowident.pl\/index.php\/wp-json\/wp\/v2\/media?parent=12"}],"curies":[{"name":"wp","href":"https:\/\/api.w.org\/{rel}","templated":true}]}}